{"id":3,"date":"2022-05-17T22:19:40","date_gmt":"2022-05-17T20:19:40","guid":{"rendered":"http:\/\/fundacjanobis.pl\/?page_id=3"},"modified":"2022-07-12T16:08:05","modified_gmt":"2022-07-12T14:08:05","slug":"polityka-prywatnosci","status":"publish","type":"page","link":"https:\/\/fundacjanobis.pl\/index.php\/polityka-prywatnosci\/","title":{"rendered":"Polityka prywatno\u015bci"},"content":{"rendered":"\r\n<h3 class=\"wp-block-heading\">Administrator danych<\/h3>\r\n<p style=\"text-align: left;\">Polityka Prywatno\u015bci dotyczy strony internetowej pod adresem: https:\/\/fundacjanobis.pl. , kt\u00f3rej administratorem jest:<\/p>\r\n<p style=\"text-align: left;\">Fundacja Nobis (zwana dalej 'Administrator&#8217;), z siedzib\u0105 przy ul. Malborska 8a\/8, 80-392, Gda\u0144sk zarejestrowana w KRS pod numerem: 0000919714.\u00a0<\/p>\r\n\r\n\r\n\r\n\r\n\r\n\r\n\r\n\r\n\r\n<p style=\"text-align: left;\">Administrator spe\u0142nia wymogi ich ochrony wynikaj\u0105ce z powszechnie obowi\u0105zuj\u0105cych przepis\u00f3w prawa, w szczeg\u00f3lno\u015bci z Rozporz\u0105dzenia Parlamentu Europejskiego i Rady (UE) 2016\/679 z dnia 27 kwietnia 2016 r. w sprawie ochrony os\u00f3b fizycznych w zwi\u0105zku z przetwarzaniem danych osobowych i w sprawie swobodnego przep\u0142ywu takich danych oraz uchylenia dyrektywy 95\/46\/WE. Nobis zapewnia, \u017ce jej pracownicy i podwykonawcy zostali przeszkoleni w zakresie ochrony danych osobowych.<\/p>\r\n<h3 class=\"wp-block-heading\">W jakim celu przetwarzamy Twoje dane?<\/h3>\r\n<p>Dane osobowe podawane podczas kontaktu z Administratorem s\u0105 wykorzystywane wy\u0142\u0105cznie w celu prawid\u0142owej realizacji donacji przekazanej przez U\u017cytkownika, us\u0142ugi Newsletter, danych: imi\u0119 i nazwisko, adres email, a tak\u017ce do kontaktu z U\u017cytkownikiem na jego \u017c\u0105danie.\u00a0<\/p>\r\n<h3>Prawa u\u017cytkownika<\/h3>\r\n<ol>\r\n<li>U\u017cytkownik ma prawo \u017c\u0105da\u0107 od administratora danych dost\u0119pu do dotycz\u0105cych go danych osobowych oraz uzyskania informacji o celach ich przetwarzania, kategoriach przetwarzanych danych, odbiorcach tych danych, okresie przechowywania danych (o ile nie jest to mo\u017cliwe okre\u015blenia okresu, U\u017cytkownik ma prawo do informacji o ustaleniach kryteri\u00f3w dotycz\u0105cych tego okresu).<\/li>\r\n<li>U\u017cytkownikowi przys\u0142uguje r\u00f3wnie\u017c prawo do sprostowania danych osobowych, je\u017celi s\u0105 one nieprawid\u0142owe oraz prawo \u017c\u0105dania uzupe\u0142nienia niekompletnych danych osobowych.<\/li>\r\n<li>U\u017cytkownik ma prawo \u017c\u0105dania niezw\u0142ocznego usuni\u0119cia danych osobowych, je\u017celi:<\/li>\r\n<\/ol>\r\n<p>a. dane osobowe nie s\u0105 ju\u017c niezb\u0119dne do cel\u00f3w, dla kt\u00f3rych zosta\u0142y zebrane lub w inny spos\u00f3b przetwarzane;<br \/>b. zgoda na przetwarzanie danych osobowych zosta\u0142a skutecznie wycofana;<br \/>c. U\u017cytkownik wni\u00f3s\u0142 sprzeciw wobec przetwarzania danych osobowych w celach marketingowych;<br \/>d. U\u017cytkownik wni\u00f3s\u0142 sprzeciw wobec przetwarzania (w tym profilowania) danych osobowych na podstawie uzasadnionego interesu realizowanego przez Administratora przez podmiot trzeci, chyba \u017ce istniej\u0105 wa\u017cne, prawnie uzasadnione podstawy do przetwarzania danych osobowych U\u017cytkownika, nadrz\u0119dne wobec interes\u00f3w, praw i wolno\u015bci U\u017cytkownika. lub istniej\u0105 podstawy do ustalenia, dochodzenia lub obrony roszcze\u0144.<\/p>\r\n<p>4. U\u017cytkownik ma prawo do \u017c\u0105dania ograniczenia przetwarzania danych osobowych, gdy:<\/p>\r\n<p>a. kwestionuje prawid\u0142owo\u015b\u0107 danych osobowych \u2013 na okres pozwalaj\u0105cy sprawdzi\u0107 prawid\u0142owo\u015b\u0107 kwestionowanych danych;<br \/>b. przetwarzanie jest zdaniem U\u017cytkownika niezgodne z prawem, a on sprzeciwia si\u0119 usuni\u0119ciu danych osobowych, \u017c\u0105daj\u0105c w zamian ograniczenia ich wykorzystywania;<br \/>c. dane osobowe U\u017cytkownika nie s\u0105 ju\u017c potrzebne do cel\u00f3w przetwarzania, ale s\u0105 potrzebne U\u017cytkownikowi do ustalenia, dochodzenia lub obrony roszcze\u0144;<br \/>d. U\u017cytkownik wni\u00f3s\u0142 sprzeciw (na podstawie art. 21 ust. 1 RODO) wobec przetwarzania \u2013 do czasu ustalenia, czy prawnie uzasadnione podstawy po stronie Show Central s\u0105 nadrz\u0119dne wobec podstaw sprzeciwu wniesionego przez U\u017cytkownika.<\/p>\r\n<p>5. W przypadku zg\u0142oszenia \u017c\u0105dania ograniczenia przetwarzania danych osobowych Adminikstrator powstrzyma si\u0119 od przetwarzania danych U\u017cytkownika bez jego zgody, za wyj\u0105tkiem ich przechowywania lub ustalenia, dochodzenia lub obrony roszcze\u0144 lub ochrony praw innej osoby fizycznej. osoby prawnej lub z wa\u017cnych powod\u00f3w zwi\u0105zanych z interesem publicznym Unii lub pa\u0144stwa cz\u0142onkowskiego. U\u017cytkownik zostanie o tym poinformowany przed zniesieniem ograniczenia.<\/p>\r\n<p>6. U\u017cytkownikowi przys\u0142uguje prawo wniesienia sprzeciwu w przypadku przetwarzania danych osobowych na potrzeby marketingu bezpo\u015bredniego, w tym profilowania, w zakresie, w jakim przetwarzanie jest zwi\u0105zane z marketingiem bezpo\u015brednim. Po wniesieniu sprzeciwu Administrator powstrzyma si\u0119 od przetwarzania danych osobowych U\u017cytkownika w celach marketingu bezpo\u015bredniego (w tym profilowania). U\u017cytkownik ma prawo do sprzeciwu w spos\u00f3b zautomatyzowany z wykorzystaniem specyfikacji technicznych.<\/p>\r\n<p>7. U\u017cytkownik ma prawo otrzyma\u0107 w ustrukturyzowanym, powszechnie u\u017cywanym formacie nadaj\u0105cym si\u0119 do odczytu maszynowego swoje dane osobowe przekazane przez Administratora, a tak\u017ce ma prawo przes\u0142a\u0107 te dane podmiotowi trzeciemu bez przeszk\u00f3d ze strony Administratora je\u015bli:<\/p>\r\n<p>a. przetwarzanie odbywa si\u0119 na podstawie wyra\u017conej zgody lub na podstawie umowy, do wykonania kt\u00f3rej niezb\u0119dne jest przetwarzanie danych; oraz<br \/>b. przetwarzanie odbywa si\u0119 w spos\u00f3b zautomatyzowany.<\/p>\r\n<p>8. Administrator ma obowi\u0105zek przes\u0142a\u0107 dane U\u017cytkownika bezpo\u015brednio podmiotowi trzeciemu (o ile jest to technicznie mo\u017cliwe) na \u017c\u0105danie U\u017cytkownika.<\/p>\r\n<p>9. U\u017cytkownikowi przys\u0142uguje prawo do cofni\u0119cia zgody na przetwarzanie danych osobowych w dowolnym momencie, jednak nie wp\u0142ywa to na zgodno\u015b\u0107 z prawem przetwarzania, kt\u00f3rego dokonano na podstawie zgody przed jej cofni\u0119ciem.<\/p>\r\n<p>10. W zwi\u0105zku z przetwarzaniem danych osobowych U\u017cytkownikowi przys\u0142uguje prawo wniesienia skargi do Prezesa Urz\u0119du Ochrony Danych Osobowych.<\/p>\r\n<h3>Jak d\u0142ugo przechowujemy Twoje dane osobowe?<\/h3>\r\n<p>Dane podane przez U\u017cytkownika s\u0105 przechowywane przez okres 1 roku od przes\u0142ania przez U\u017cytkownika danych Administratorowi. Dane na fakturach i innych dokumentach ksi\u0119gowych s\u0105 przechowywane przez 10 lat od ko\u0144ca roku obrotowego, z kt\u00f3rego wystawiono faktur\u0119 lub przez okres wymagany przez odpowiednie przepisy prawa. Dane osobowe potrzebne do \u015bwiadczenia us\u0142ugi Newsletter przechowywane s\u0105 do momentu rezygnacji U\u017cytkownika z subskrypcji lub zako\u0144czenia \u015bwiadczenia us\u0142ugi Newsletter.<\/p>\r\n<h3>Komu przekazujemy dane osobowe?<\/h3>\r\n<p>Dane osobowe U\u017cytkownik\u00f3w przekazujemy wy\u0142\u0105cznie firmom \u015bwiadcz\u0105cym Us\u0142ugi umo\u017cliwiaj\u0105ce prawid\u0142owe dzia\u0142anie strony https:\/\/fundacjanobis.pl oraz \u015bwiadczenie us\u0142ug Administratora, kt\u00f3rymi s\u0105:<\/p>\r\n<ul>\r\n<li>Zenbox sp. z o.o., ul. D\u0105browskiego 7, 42-200 Cz\u0119stochowa, NIP: PL949-219-10-21 &#8211; dostawca serwer\u00f3w i domeny www<\/li>\r\n<li>PayPal (Europe) S.\u00e0 r.l. et Cie, S.C.A. 22-24 Boulevard Royal L-2449 Luxembourg &#8211; operator p\u0142atno\u015bci online\u00a0<\/li>\r\n<li>Show Central Ltd. 590 Kingston Road, SW20 8DN, Londyn, Wielka Brytania &#8211; dostawca us\u0142ug marketingowych<\/li>\r\n<\/ul>\r\n<h3>Ciasteczka<\/h3>\r\n\r\n\r\n\r\n<p>W celu u\u0142atwienia korzystania ze strony internetowej https:\/\/fundacjanobis.pl (dalej: 'Strona&#8217;) Administrator u\u017cywa tzw. &#8222;ciasteczek&#8221; &#8211; \u2013 informacje zapisywane przez serwer serwisu, operatora hostingowego www.Zenbox.pl na komputerze lub urz\u0105dzeniu mobilnym U\u017cytkownika. Ciasteczka wygasaj\u0105 po roku. Strona wykorzystuje ciasteczka do:<\/p>\r\n<p>a. zapewnienia prawid\u0142owego i sprawnego dzia\u0142ania Strony;<\/p>\r\n<p>b. zapisu informacji logowania U\u017cytkownika oraz wybranych opcji ekranu;<\/p>\r\n<p>Je\u015bli U\u017cytkownik wyloguje si\u0119 ze swojego konta, ciasteczka logowania zostan\u0105 usuni\u0119te.\u00a0<\/p>\r\n<p>Strona obs\u0142uguje przegl\u0105darki:<\/p>\r\n\r\n\r\n\r\n\r\n\r\n\r\n\r\n<ul>\r\n<li>Chrom<\/li>\r\n<li>Firefox<\/li>\r\n<li>Safari<\/li>\r\n<li>Microsoft Edge<\/li>\r\n<\/ul>\r\n<p>Pliki cookie s\u0142u\u017c\u0105 do prowadzenia statystyk korzystania z serwisu, utrzymanie sesji U\u017cytkownika, dzi\u0119ki kt\u00f3rej nie jest konieczne ka\u017cdorazowe wpisywanie has\u0142a i logowanie; personalizacja materia\u0142\u00f3w reklamowych; Dane te maj\u0105 charakter zbiorczy i nie zawieraj\u0105 danych identyfikuj\u0105cych osoby odwiedzaj\u0105ce witryn\u0119. Dane te nie s\u0105 udost\u0119pniane innym osobom i podmiotom.<\/p>\r\n<p>Je\u015bli masz jakiekolwiek pytania dotycz\u0105ce naszej polityki plik\u00f3w cookie, skontaktuj si\u0119 z nami pod adresem biuro@fundacjanobis.pl<\/p>\r\n\r\n\r\n\r\n<p>&nbsp;<\/p>\r\n","protected":false},"excerpt":{"rendered":"<p>Administrator danych Polityka Prywatno\u015bci dotyczy strony internetowej pod adresem: https:\/\/fundacjanobis.pl. , kt\u00f3rej administratorem jest: Fundacja Nobis (zwana dalej 'Administrator&#8217;), z siedzib\u0105 przy ul. Malborska 8a\/8, 80-392, Gda\u0144sk zarejestrowana w KRS [&hellip;]<\/p>\n","protected":false},"author":1,"featured_media":0,"parent":0,"menu_order":0,"comment_status":"closed","ping_status":"open","template":"","meta":{"give_campaign_id":0,"footnotes":""},"class_list":["post-3","page","type-page","status-publish","hentry"],"campaignId":"","_links":{"self":[{"href":"https:\/\/fundacjanobis.pl\/index.php\/wp-json\/wp\/v2\/pages\/3","targetHints":{"allow":["GET"]}}],"collection":[{"href":"https:\/\/fundacjanobis.pl\/index.php\/wp-json\/wp\/v2\/pages"}],"about":[{"href":"https:\/\/fundacjanobis.pl\/index.php\/wp-json\/wp\/v2\/types\/page"}],"author":[{"embeddable":true,"href":"https:\/\/fundacjanobis.pl\/index.php\/wp-json\/wp\/v2\/users\/1"}],"replies":[{"embeddable":true,"href":"https:\/\/fundacjanobis.pl\/index.php\/wp-json\/wp\/v2\/comments?post=3"}],"version-history":[{"count":3,"href":"https:\/\/fundacjanobis.pl\/index.php\/wp-json\/wp\/v2\/pages\/3\/revisions"}],"predecessor-version":[{"id":962,"href":"https:\/\/fundacjanobis.pl\/index.php\/wp-json\/wp\/v2\/pages\/3\/revisions\/962"}],"wp:attachment":[{"href":"https:\/\/fundacjanobis.pl\/index.php\/wp-json\/wp\/v2\/media?parent=3"}],"curies":[{"name":"wp","href":"https:\/\/api.w.org\/{rel}","templated":true}]}}