{"id":22,"date":"2020-12-08T03:53:35","date_gmt":"2020-12-08T03:53:35","guid":{"rendered":"https:\/\/www.gavias-theme.com\/wp\/halpes\/?page_id=22"},"modified":"2026-04-15T15:19:31","modified_gmt":"2026-04-15T13:19:31","slug":"wolontariat","status":"publish","type":"page","link":"https:\/\/fundacjanobis.pl\/index.php\/wolontariat\/","title":{"rendered":"Zosta\u0144 Wolontariuszem"},"content":{"rendered":"\t\t<div data-elementor-type=\"wp-page\" data-elementor-id=\"22\" class=\"elementor elementor-22\">\n\t\t\t\t\t\t<section class=\"elementor-section elementor-top-section elementor-element elementor-element-6ba8ac82 elementor-section-boxed elementor-section-height-default elementor-section-height-default row-top\" data-id=\"6ba8ac82\" data-element_type=\"section\" data-e-type=\"section\">\n\t\t\t\t\t\t<div class=\"elementor-container elementor-column-gap-default\">\n\t\t\t\t\t<div class=\"elementor-column elementor-col-100 elementor-top-column elementor-element elementor-element-32d914e7 column-style-top\" data-id=\"32d914e7\" data-element_type=\"column\" data-e-type=\"column\">\n\t\t\t<div class=\"elementor-widget-wrap elementor-element-populated\">\n\t\t\t\t\t\t<div class=\"elementor-element elementor-element-a9bd83c elementor-widget elementor-widget-gva-heading-block\" data-id=\"a9bd83c\" data-element_type=\"widget\" data-e-type=\"widget\" data-widget_type=\"gva-heading-block.default\">\n\t\t\t\t<div class=\"elementor-widget-container\">\n\t\t\t\t\t<div class=\"gva-element-gva-heading-block gva-element\">   <div class=\"align-center style-1 widget gsc-heading box-align-center auto-responsive\">\r\n      <div class=\"content-inner\">\r\n         \r\n                  \r\n                     <div class=\"sub-title\"><span>Napisz do nas<\/span><\/div>\r\n           \r\n         \r\n                     <h2 class=\"title\">\r\n               <span>Do\u0142\u0105cz do nas i pom\u00f3\u017c budowa\u0107 lepsze jutro. <\/span>\r\n            <\/h2>\r\n                  \r\n         \r\n      <\/div>\r\n   <\/div>\r\n<\/div>\t\t\t\t<\/div>\n\t\t\t\t<\/div>\n\t\t\t\t\t<\/div>\n\t\t<\/div>\n\t\t\t\t\t<\/div>\n\t\t<\/section>\n\t\t\t\t<section class=\"elementor-section elementor-top-section elementor-element elementor-element-6952e079 elementor-section-boxed elementor-section-height-default elementor-section-height-default row-top\" data-id=\"6952e079\" data-element_type=\"section\" data-e-type=\"section\">\n\t\t\t\t\t\t<div class=\"elementor-container elementor-column-gap-default\">\n\t\t\t\t\t<div class=\"elementor-column elementor-col-50 elementor-top-column elementor-element elementor-element-14b0069f column-style-top\" data-id=\"14b0069f\" data-element_type=\"column\" data-e-type=\"column\">\n\t\t\t<div class=\"elementor-widget-wrap elementor-element-populated\">\n\t\t\t\t\t\t<div class=\"elementor-element elementor-element-6b207bdb elementor-widget elementor-widget-image\" data-id=\"6b207bdb\" data-element_type=\"widget\" data-e-type=\"widget\" data-widget_type=\"image.default\">\n\t\t\t\t<div class=\"elementor-widget-container\">\n\t\t\t\t\t\t\t\t\t\t\t\t\t\t\t<img fetchpriority=\"high\" decoding=\"async\" width=\"2560\" height=\"1920\" src=\"https:\/\/fundacjanobis.pl\/wp-content\/uploads\/2023\/04\/20220618_200614-scaled.jpg\" class=\"attachment-full size-full wp-image-1050\" alt=\"\" srcset=\"https:\/\/fundacjanobis.pl\/wp-content\/uploads\/2023\/04\/20220618_200614-scaled.jpg 2560w, https:\/\/fundacjanobis.pl\/wp-content\/uploads\/2023\/04\/20220618_200614-1024x768.jpg 1024w, https:\/\/fundacjanobis.pl\/wp-content\/uploads\/2023\/04\/20220618_200614-768x576.jpg 768w\" sizes=\"(max-width: 2560px) 100vw, 2560px\" \/>\t\t\t\t\t\t\t\t\t\t\t\t\t\t\t<\/div>\n\t\t\t\t<\/div>\n\t\t\t\t<div class=\"elementor-element elementor-element-7225d59d elementor-widget elementor-widget-heading\" data-id=\"7225d59d\" data-element_type=\"widget\" data-e-type=\"widget\" data-widget_type=\"heading.default\">\n\t\t\t\t<div class=\"elementor-widget-container\">\n\t\t\t\t\t<h2 class=\"elementor-heading-title elementor-size-default\">Do\u0142\u0105cz do nas i tw\u00f3rz lepsz\u0105 przysz\u0142o\u015b\u0107!<\/h2>\t\t\t\t<\/div>\n\t\t\t\t<\/div>\n\t\t\t\t<div class=\"elementor-element elementor-element-c85f4e1 elementor-widget elementor-widget-text-editor\" data-id=\"c85f4e1\" data-element_type=\"widget\" data-e-type=\"widget\" data-widget_type=\"text-editor.default\">\n\t\t\t\t<div class=\"elementor-widget-container\">\n\t\t\t\t\t\t\t\t\t<p>Zapraszamy wszystkich ch\u0119tnych do odbycia wolontariatu w naszej Fundacji. Obecnie najwi\u0119ksza pomoc potrzebna jest na budowanej przez nas edukacyjnej farmie ekologicznej &#8222;Sielanka&#8221; na Pomorzu. Potrzebujemy pomocy w:\u00a0<\/p>\t\t\t\t\t\t\t\t<\/div>\n\t\t\t\t<\/div>\n\t\t\t\t<div class=\"elementor-element elementor-element-abcf9e1 elementor-icon-list--layout-traditional elementor-list-item-link-full_width elementor-widget elementor-widget-icon-list\" data-id=\"abcf9e1\" data-element_type=\"widget\" data-e-type=\"widget\" data-widget_type=\"icon-list.default\">\n\t\t\t\t<div class=\"elementor-widget-container\">\n\t\t\t\t\t\t\t<ul class=\"elementor-icon-list-items\">\n\t\t\t\t\t\t\t<li class=\"elementor-icon-list-item\">\n\t\t\t\t\t\t\t\t\t\t\t<span class=\"elementor-icon-list-icon\">\n\t\t\t\t\t\t\t<i aria-hidden=\"true\" class=\"fas fa-arrow-circle-right\"><\/i>\t\t\t\t\t\t<\/span>\n\t\t\t\t\t\t\t\t\t\t<span class=\"elementor-icon-list-text\">Nasadzeniach i pracach ogrodowych<\/span>\n\t\t\t\t\t\t\t\t\t<\/li>\n\t\t\t\t\t\t\t\t<li class=\"elementor-icon-list-item\">\n\t\t\t\t\t\t\t\t\t\t\t<span class=\"elementor-icon-list-icon\">\n\t\t\t\t\t\t\t<i aria-hidden=\"true\" class=\"fas fa-arrow-circle-right\"><\/i>\t\t\t\t\t\t<\/span>\n\t\t\t\t\t\t\t\t\t\t<span class=\"elementor-icon-list-text\">Pracach porz\u0105dkowych zwi\u0105zanych z utrzymaniem farmy<\/span>\n\t\t\t\t\t\t\t\t\t<\/li>\n\t\t\t\t\t\t\t\t<li class=\"elementor-icon-list-item\">\n\t\t\t\t\t\t\t\t\t\t\t<span class=\"elementor-icon-list-icon\">\n\t\t\t\t\t\t\t<i aria-hidden=\"true\" class=\"fas fa-arrow-circle-right\"><\/i>\t\t\t\t\t\t<\/span>\n\t\t\t\t\t\t\t\t\t\t<span class=\"elementor-icon-list-text\">Drobnych pracach budowlanych \/ remontowych<\/span>\n\t\t\t\t\t\t\t\t\t<\/li>\n\t\t\t\t\t\t<\/ul>\n\t\t\t\t\t\t<\/div>\n\t\t\t\t<\/div>\n\t\t\t\t<div class=\"elementor-element elementor-element-00311eb elementor-widget__width-initial elementor-widget elementor-widget-text-editor\" data-id=\"00311eb\" data-element_type=\"widget\" data-e-type=\"widget\" data-widget_type=\"text-editor.default\">\n\t\t\t\t<div class=\"elementor-widget-container\">\n\t\t\t\t\t\t\t\t\t<p><strong>R<\/strong><b>u<\/b><strong>s<\/strong><b>zy\u0142 nab\u00f3r na wolontariat w naszej Fundacji! Wolontariat b\u0119dzie odbywa\u0107 si\u0119 na malowniczej Farmie Permakultury &#8222;Sielanka<\/b>&#8222;, kt\u00f3ra jest g\u0142\u00f3wnym projektem Fundacji. Znajduj\u0105ca si\u0119 na Pomorzu farma jest miejscem, kt\u00f3re b\u0119dzie s\u0142u\u017cy\u0107 edukacji w zakresie ekologicznych upraw, permakultury i upraw regeneratywnych. Zamierzamy uczyni\u0107 to miejsce, oaz\u0105 dla flory i fauny oraz przyjaznym miejscem edukacji dla wszystkich ch\u0119tnych.\u00a0<\/p><p>Oferujemy <b>pobyt na naszej farmie w ramach wolontariatu<\/b>, podczas kt\u00f3rego b\u0119dziesz pomaga\u0107 nam w rozwoju farmy, nasadzeniach, pracach ogrodowych i innych niezb\u0119dnych rzeczach. W czasie wolontariatu b\u0119dziesz <b>korzysta\u0107 z du\u017cej ilo\u015bci czasu wolnego, ale tak\u017ce nauczysz si\u0119 zasad permakultury i upraw regeneratywnych. <\/b><\/p><p>\u00a0<\/p>\t\t\t\t\t\t\t\t<\/div>\n\t\t\t\t<\/div>\n\t\t\t\t\t<\/div>\n\t\t<\/div>\n\t\t\t\t<div class=\"elementor-column elementor-col-50 elementor-top-column elementor-element elementor-element-649227c2 column-style-top\" data-id=\"649227c2\" data-element_type=\"column\" data-e-type=\"column\">\n\t\t\t<div class=\"elementor-widget-wrap elementor-element-populated\">\n\t\t\t\t\t\t<div class=\"elementor-element elementor-element-70896fa elementor-widget elementor-widget-heading\" data-id=\"70896fa\" data-element_type=\"widget\" data-e-type=\"widget\" data-widget_type=\"heading.default\">\n\t\t\t\t<div class=\"elementor-widget-container\">\n\t\t\t\t\t<h2 class=\"elementor-heading-title elementor-size-default\">ZG\u0141OSZENIA DO WOLONTARIATU<\/h2>\t\t\t\t<\/div>\n\t\t\t\t<\/div>\n\t\t\t\t<div class=\"elementor-element elementor-element-b33f629 elementor-view-default elementor-position-block-start elementor-mobile-position-block-start elementor-widget elementor-widget-icon-box\" data-id=\"b33f629\" data-element_type=\"widget\" data-e-type=\"widget\" data-widget_type=\"icon-box.default\">\n\t\t\t\t<div class=\"elementor-widget-container\">\n\t\t\t\t\t\t\t<div class=\"elementor-icon-box-wrapper\">\n\n\t\t\t\t\t\t<div class=\"elementor-icon-box-icon\">\n\t\t\t\t<a href=\"http:\/\/biuro@fundacjanobis.pl\" class=\"elementor-icon\" tabindex=\"-1\" aria-label=\"Napisz do nas!\">\n\t\t\t\t<i aria-hidden=\"true\" class=\" flaticon-email\"><\/i>\t\t\t\t<\/a>\n\t\t\t<\/div>\n\t\t\t\n\t\t\t\t\t\t<div class=\"elementor-icon-box-content\">\n\n\t\t\t\t\t\t\t\t\t<h3 class=\"elementor-icon-box-title\">\n\t\t\t\t\t\t<a href=\"http:\/\/biuro@fundacjanobis.pl\" >\n\t\t\t\t\t\t\tNapisz do nas!\t\t\t\t\t\t<\/a>\n\t\t\t\t\t<\/h3>\n\t\t\t\t\n\t\t\t\t\t\t\t\t\t<p class=\"elementor-icon-box-description\">\n\t\t\t\t\t\t<b><br>biuro@fundacjanobis.pl<\/b><br>\n\t\t\t\t\t<\/p>\n\t\t\t\t\n\t\t\t<\/div>\n\t\t\t\n\t\t<\/div>\n\t\t\t\t\t\t<\/div>\n\t\t\t\t<\/div>\n\t\t\t\t<section class=\"elementor-section elementor-inner-section elementor-element elementor-element-57d52c44 elementor-section-boxed elementor-section-height-default elementor-section-height-default row-top\" data-id=\"57d52c44\" data-element_type=\"section\" data-e-type=\"section\">\n\t\t\t\t\t\t<div class=\"elementor-container elementor-column-gap-default\">\n\t\t\t\t\t<div class=\"elementor-column elementor-col-100 elementor-inner-column elementor-element elementor-element-3382ee7a column-style-top\" data-id=\"3382ee7a\" data-element_type=\"column\" data-e-type=\"column\" data-settings=\"{&quot;background_background&quot;:&quot;classic&quot;}\">\n\t\t\t<div class=\"elementor-widget-wrap elementor-element-populated\">\n\t\t\t\t\t\t<div class=\"elementor-element elementor-element-446cd25 elementor-widget elementor-widget-text-editor\" data-id=\"446cd25\" data-element_type=\"widget\" data-e-type=\"widget\" data-widget_type=\"text-editor.default\">\n\t\t\t\t<div class=\"elementor-widget-container\">\n\t\t\t\t\t\t\t\t\t<p><span style=\"text-decoration: underline;\">Oto kilka kluczowych informacji na temat wolontariatu:<\/span><\/p><ul><li>Maksymalna d\u0142ugo\u015b\u0107 pobytu na Farmie (Wolontariatu) to 2 tygodnie;<\/li><li>Praca na farmie przez 5 godzin dziennie od poniedzia\u0142ku do pi\u0105tku. Weekendy wolne;<\/li><li>Wolontariat realizowany jest <b>w dw\u00f3ch okienkach terminowych w roku tj. 10-24.05.2026 oraz 17-30.08.2026<\/b>;<\/li><\/ul><p><span style=\"text-decoration: underline;\">Wolontariuszem mo\u017ce zosta\u0107 osoba:\u00a0 <\/span><\/p><ul><li>powy\u017cej 18 roku \u017cycia;<\/li><li>b\u0119d\u0105ca obywatelem UE lub posiadaj\u0105ca aktywn\u0105 wiz\u0119 zezwalaj\u0105c\u0105 na realizacj\u0119 wolontariatu;\u00a0<\/li><\/ul><p><span style=\"text-decoration: underline;\">Naszym wolontariuszom zapewniamy:\u00a0<\/span><\/p><ul><li><b>nocleg w komfortowym i w pe\u0142ni wyposa\u017conym domku holenderskim<\/b> na terenie Farmy (z pi\u0119knym widokiem!)\u00a0<\/li><li>podstawowe <b>zakupy spo\u017cywcze przez ca\u0142y okres pobytu.\u00a0<\/b><\/li><li>pomoc w transporcie do najbli\u017cszego miasteczka (Gniew) w razie potrzeby.\u00a0<\/li><li>ubezpieczenie NNW na czas wolontariatu.\u00a0<\/li><\/ul><p><b>Zg\u0142o\u015b si\u0119<\/b> wysy\u0142aj\u0105c email na adres kontaktowy powy\u017cej. Zapoznaj si\u0119 r\u00f3wnie\u017c z <a style=\"background-color: #ffffff;\" href=\"https:\/\/fundacjanobis.pl\/index.php\/wolontariat\/regulamin-wolontariatu\/\" target=\"_blank\" rel=\"noopener\">Regulaminem Wolontariatu, <\/a>( jego akceptacja jest konieczna do przyj\u0119cia na wolontariat)<\/p>\t\t\t\t\t\t\t\t<\/div>\n\t\t\t\t<\/div>\n\t\t\t\t\t<\/div>\n\t\t<\/div>\n\t\t\t\t\t<\/div>\n\t\t<\/section>\n\t\t\t\t\t<\/div>\n\t\t<\/div>\n\t\t\t\t\t<\/div>\n\t\t<\/section>\n\t\t\t\t<section class=\"elementor-section elementor-top-section elementor-element elementor-element-0d7de32 elementor-section-boxed elementor-section-height-default elementor-section-height-default row-top\" data-id=\"0d7de32\" data-element_type=\"section\" data-e-type=\"section\">\n\t\t\t\t\t\t<div class=\"elementor-container elementor-column-gap-default\">\n\t\t\t\t\t<div class=\"elementor-column elementor-col-100 elementor-top-column elementor-element elementor-element-5588d95 column-style-top\" data-id=\"5588d95\" data-element_type=\"column\" data-e-type=\"column\">\n\t\t\t<div class=\"elementor-widget-wrap elementor-element-populated\">\n\t\t\t\t\t\t<div class=\"elementor-element elementor-element-563d9f3 elementor-view-stacked elementor-position-inline-start icon-box-left elementor-shape-circle elementor-mobile-position-block-start elementor-widget elementor-widget-icon-box\" data-id=\"563d9f3\" data-element_type=\"widget\" data-e-type=\"widget\" data-widget_type=\"icon-box.default\">\n\t\t\t\t<div class=\"elementor-widget-container\">\n\t\t\t\t\t\t\t<div class=\"elementor-icon-box-wrapper\">\n\n\t\t\t\t\t\t<div class=\"elementor-icon-box-icon\">\n\t\t\t\t<span  class=\"elementor-icon\">\n\t\t\t\t<i aria-hidden=\"true\" class=\" flaticon-chat\"><\/i>\t\t\t\t<\/span>\n\t\t\t<\/div>\n\t\t\t\n\t\t\t\t\t\t<div class=\"elementor-icon-box-content\">\n\n\t\t\t\t\t\t\t\t\t<h3 class=\"elementor-icon-box-title\">\n\t\t\t\t\t\t<span  >\n\t\t\t\t\t\t\tMasz pytania? Zadzwo\u0144 do nas. \t\t\t\t\t\t<\/span>\n\t\t\t\t\t<\/h3>\n\t\t\t\t\n\t\t\t\t\t\t\t\t\t<p class=\"elementor-icon-box-description\">\n\t\t\t\t\t\t+48 600 800 920\t\t\t\t\t<\/p>\n\t\t\t\t\n\t\t\t<\/div>\n\t\t\t\n\t\t<\/div>\n\t\t\t\t\t\t<\/div>\n\t\t\t\t<\/div>\n\t\t\t\t\t<\/div>\n\t\t<\/div>\n\t\t\t\t\t<\/div>\n\t\t<\/section>\n\t\t\t\t<\/div>\n\t\t","protected":false},"excerpt":{"rendered":"<p>Napisz do nas Do\u0142\u0105cz do nas i pom\u00f3\u017c budowa\u0107 lepsze jutro. Do\u0142\u0105cz do nas i tw\u00f3rz lepsz\u0105 przysz\u0142o\u015b\u0107! Zapraszamy wszystkich ch\u0119tnych do odbycia wolontariatu w naszej Fundacji. Obecnie najwi\u0119ksza pomoc [&hellip;]<\/p>\n","protected":false},"author":1,"featured_media":0,"parent":0,"menu_order":0,"comment_status":"closed","ping_status":"closed","template":"","meta":{"give_campaign_id":0,"footnotes":""},"class_list":["post-22","page","type-page","status-publish","hentry"],"campaignId":"","_links":{"self":[{"href":"https:\/\/fundacjanobis.pl\/index.php\/wp-json\/wp\/v2\/pages\/22","targetHints":{"allow":["GET"]}}],"collection":[{"href":"https:\/\/fundacjanobis.pl\/index.php\/wp-json\/wp\/v2\/pages"}],"about":[{"href":"https:\/\/fundacjanobis.pl\/index.php\/wp-json\/wp\/v2\/types\/page"}],"author":[{"embeddable":true,"href":"https:\/\/fundacjanobis.pl\/index.php\/wp-json\/wp\/v2\/users\/1"}],"replies":[{"embeddable":true,"href":"https:\/\/fundacjanobis.pl\/index.php\/wp-json\/wp\/v2\/comments?post=22"}],"version-history":[{"count":73,"href":"https:\/\/fundacjanobis.pl\/index.php\/wp-json\/wp\/v2\/pages\/22\/revisions"}],"predecessor-version":[{"id":1217,"href":"https:\/\/fundacjanobis.pl\/index.php\/wp-json\/wp\/v2\/pages\/22\/revisions\/1217"}],"wp:attachment":[{"href":"https:\/\/fundacjanobis.pl\/index.php\/wp-json\/wp\/v2\/media?parent=22"}],"curies":[{"name":"wp","href":"https:\/\/api.w.org\/{rel}","templated":true}]}}