{"id":21,"date":"2020-12-08T03:53:12","date_gmt":"2020-12-08T03:53:12","guid":{"rendered":"https:\/\/www.gavias-theme.com\/wp\/halpes\/?page_id=21"},"modified":"2024-02-25T14:10:40","modified_gmt":"2024-02-25T13:10:40","slug":"o-nas","status":"publish","type":"page","link":"https:\/\/fundacjanobis.pl\/index.php\/o-nas\/","title":{"rendered":"O nas"},"content":{"rendered":"\t\t<div data-elementor-type=\"wp-page\" data-elementor-id=\"21\" class=\"elementor elementor-21\">\n\t\t\t\t\t\t<section class=\"elementor-section elementor-top-section elementor-element elementor-element-3b40598 elementor-section-boxed elementor-section-height-default elementor-section-height-default row-top\" data-id=\"3b40598\" data-element_type=\"section\" data-e-type=\"section\">\n\t\t\t\t\t\t<div class=\"elementor-container elementor-column-gap-default\">\n\t\t\t\t\t<div class=\"elementor-column elementor-col-50 elementor-top-column elementor-element elementor-element-2bd6292 column-style-top\" data-id=\"2bd6292\" data-element_type=\"column\" data-e-type=\"column\">\n\t\t\t<div class=\"elementor-widget-wrap elementor-element-populated\">\n\t\t\t\t\t\t<div class=\"elementor-element elementor-element-fb35f47 text-center elementor-widget elementor-widget-gva-image-content\" data-id=\"fb35f47\" data-element_type=\"widget\" data-e-type=\"widget\" data-widget_type=\"gva-image-content.default\">\n\t\t\t\t<div class=\"elementor-widget-container\">\n\t\t\t\t\t<div class=\"gva-element-gva-image-content gva-element\">\t\t\r\n\t  \r\n\t \r\n\t\t\t<div class=\"gsc-image-content skin-v2\">\r\n\t\t\t\t\t\t\t<div class=\"image\">\r\n\t\t\t\t\t <img fetchpriority=\"high\" decoding=\"async\" width=\"2560\" height=\"1920\" src=\"https:\/\/fundacjanobis.pl\/wp-content\/uploads\/2022\/07\/20220618_205655-scaled.jpg\" class=\"attachment-full size-full wp-image-841\" alt=\"\" srcset=\"https:\/\/fundacjanobis.pl\/wp-content\/uploads\/2022\/07\/20220618_205655-scaled.jpg 2560w, https:\/\/fundacjanobis.pl\/wp-content\/uploads\/2022\/07\/20220618_205655-1024x768.jpg 1024w, https:\/\/fundacjanobis.pl\/wp-content\/uploads\/2022\/07\/20220618_205655-768x576.jpg 768w\" sizes=\"(max-width: 2560px) 100vw, 2560px\" \/>\t\t\t\t<\/div>\r\n\t\t\t\t\t\t<div class=\"box-content\">\r\n\t\t\t\t\t\t\t\t\t<h2 class=\"title\">\r\n\t\t\t\t\t\tBudujemy <span>farmy ekologiczne<\/span> \t\t\t\t\t<\/h2>\r\n\t\t\t\t\t\t\t\t<div class=\"desc\"><\/div>\r\n\t\t\t<\/div>  \r\n\t\t\t\t\t\t \t\t\t  <a href=\"#\" class=\"link-overlay\"><\/a>\r\n\t\t  \t\t\t\t\t<\/div>\r\n\t \r\n\r\n\t\r\n <\/div>\t\t\t\t<\/div>\n\t\t\t\t<\/div>\n\t\t\t\t\t<\/div>\n\t\t<\/div>\n\t\t\t\t<div class=\"elementor-column elementor-col-50 elementor-top-column elementor-element elementor-element-75333cc column-style-top\" data-id=\"75333cc\" data-element_type=\"column\" data-e-type=\"column\">\n\t\t\t<div class=\"elementor-widget-wrap elementor-element-populated\">\n\t\t\t\t\t\t<div class=\"elementor-element elementor-element-e5082b5 elementor-widget elementor-widget-gva-heading-block\" data-id=\"e5082b5\" data-element_type=\"widget\" data-e-type=\"widget\" data-widget_type=\"gva-heading-block.default\">\n\t\t\t\t<div class=\"elementor-widget-container\">\n\t\t\t\t\t<div class=\"gva-element-gva-heading-block gva-element\">   <div class=\"align-left style-1 widget gsc-heading box-align-left auto-responsive\">\r\n      <div class=\"content-inner\">\r\n         \r\n                  \r\n                     <div class=\"sub-title\"><span>Nasza Fundacja<\/span><\/div>\r\n           \r\n         \r\n                     <h2 class=\"title\">\r\n               <span>Edukujemy by chroni\u0107 natur\u0119<\/span>\r\n            <\/h2>\r\n                              <div class=\"title-desc\">Uczymy jak chroni\u0107 \u015brodowisko naturalne i koegzystowa\u0107 z nim, nie eksploatuj\u0105c nadmiernie zasob\u00f3w naturalnych. Szerzymy wiedz\u0119 w zakresie ekologii, permakultury i \u015bwiadomej ochrony klimatu. Pokazujemy zagro\u017cenia spowodowane dzia\u0142alno\u015bci\u0105 cz\u0142owieka i wskazujemy mo\u017cliwe rozwi\u0105zania. Pokazujemy jak wsp\u00f3lnie i skutecznie mo\u017cemy dzia\u0142a\u0107 dla lepszej przysz\u0142o\u015bci Ziemi i ludzko\u015bci.<\/div>\r\n         \r\n         \r\n      <\/div>\r\n   <\/div>\r\n<\/div>\t\t\t\t<\/div>\n\t\t\t\t<\/div>\n\t\t\t\t<div class=\"elementor-element elementor-element-54c5c9f elementor-widget elementor-widget-heading\" data-id=\"54c5c9f\" data-element_type=\"widget\" data-e-type=\"widget\" data-widget_type=\"heading.default\">\n\t\t\t\t<div class=\"elementor-widget-container\">\n\t\t\t\t\t<h2 class=\"elementor-heading-title elementor-size-default\">Zmieniaj przysz\u0142o\u015b\u0107 z nami. Wsp\u00f3lnie zadbajmy o przysz\u0142o\u015b\u0107 nasz\u0105 i naszej planety.<\/h2>\t\t\t\t<\/div>\n\t\t\t\t<\/div>\n\t\t\t\t\t<\/div>\n\t\t<\/div>\n\t\t\t\t\t<\/div>\n\t\t<\/section>\n\t\t\t\t<section class=\"elementor-section elementor-top-section elementor-element elementor-element-3829f13c elementor-section-boxed elementor-section-height-default elementor-section-height-default row-top\" data-id=\"3829f13c\" data-element_type=\"section\" data-e-type=\"section\" data-settings=\"{&quot;background_background&quot;:&quot;classic&quot;}\">\n\t\t\t\t\t\t\t<div class=\"elementor-background-overlay\"><\/div>\n\t\t\t\t\t\t\t<div class=\"elementor-container elementor-column-gap-default\">\n\t\t\t\t\t<div class=\"elementor-column elementor-col-50 elementor-top-column elementor-element elementor-element-9d7e81d column-style-top\" data-id=\"9d7e81d\" data-element_type=\"column\" data-e-type=\"column\">\n\t\t\t<div class=\"elementor-widget-wrap elementor-element-populated\">\n\t\t\t\t\t\t<div class=\"elementor-element elementor-element-7cc584ee elementor-widget elementor-widget-gva-heading-block\" data-id=\"7cc584ee\" data-element_type=\"widget\" data-e-type=\"widget\" data-widget_type=\"gva-heading-block.default\">\n\t\t\t\t<div class=\"elementor-widget-container\">\n\t\t\t\t\t<div class=\"gva-element-gva-heading-block gva-element\">   <div class=\"align-left style-1 widget gsc-heading box-align-left auto-responsive\">\r\n      <div class=\"content-inner\">\r\n         \r\n                  \r\n                     <div class=\"sub-title\"><span>Nasi ambasadorzy <\/span><\/div>\r\n           \r\n         \r\n                     <h2 class=\"title\">\r\n               <span>Wspieraj\u0105 nas<\/span>\r\n            <\/h2>\r\n                  \r\n         \r\n      <\/div>\r\n   <\/div>\r\n<\/div>\t\t\t\t<\/div>\n\t\t\t\t<\/div>\n\t\t\t\t\t<\/div>\n\t\t<\/div>\n\t\t\t\t<div class=\"elementor-column elementor-col-50 elementor-top-column elementor-element elementor-element-6121f4d9 column-style-top\" data-id=\"6121f4d9\" data-element_type=\"column\" data-e-type=\"column\">\n\t\t\t<div class=\"elementor-widget-wrap\">\n\t\t\t\t\t\t\t<\/div>\n\t\t<\/div>\n\t\t\t\t\t<\/div>\n\t\t<\/section>\n\t\t\t\t<section class=\"elementor-section elementor-top-section elementor-element elementor-element-6a6afa32 elementor-section-boxed elementor-section-height-default elementor-section-height-default row-top\" data-id=\"6a6afa32\" data-element_type=\"section\" data-e-type=\"section\" data-settings=\"{&quot;background_background&quot;:&quot;classic&quot;}\">\n\t\t\t\t\t\t<div class=\"elementor-container elementor-column-gap-default\">\n\t\t\t\t\t<div class=\"elementor-column elementor-col-100 elementor-top-column elementor-element elementor-element-7ddd339c column-style-top\" data-id=\"7ddd339c\" data-element_type=\"column\" data-e-type=\"column\">\n\t\t\t<div class=\"elementor-widget-wrap elementor-element-populated\">\n\t\t\t\t\t\t<div class=\"elementor-element elementor-element-194dccb8 elementor-widget elementor-widget-gva-heading-block\" data-id=\"194dccb8\" data-element_type=\"widget\" data-e-type=\"widget\" data-widget_type=\"gva-heading-block.default\">\n\t\t\t\t<div class=\"elementor-widget-container\">\n\t\t\t\t\t<div class=\"gva-element-gva-heading-block gva-element\">   <div class=\"align-left style-1 widget gsc-heading box-align-left auto-responsive\">\r\n      <div class=\"content-inner\">\r\n         \r\n                  \r\n           \r\n         \r\n                     <h1 class=\"title\">\r\n               <span>Wesprzyj dzia\u0142alno\u015b\u0107 naszej Fundacji<\/span>\r\n            <\/h1>\r\n                  \r\n                     <div class=\"heading-action\">\r\n               \t\t  <a href=\"https:\/\/www.paypal.com\/donate\/?hosted_button_id=9JPR4MB83SEQJ\" class=\"btn-cta btn-theme \">\r\n\t\t\t <span>Wp\u0142a\u0107 datek<\/span>\r\n\t\t  <\/a>\r\n\r\n\t\t              <\/div>\r\n         \r\n      <\/div>\r\n   <\/div>\r\n<\/div>\t\t\t\t<\/div>\n\t\t\t\t<\/div>\n\t\t\t\t\t<\/div>\n\t\t<\/div>\n\t\t\t\t\t<\/div>\n\t\t<\/section>\n\t\t\t\t<\/div>\n\t\t","protected":false},"excerpt":{"rendered":"<p>Budujemy farmy ekologiczne Nasza Fundacja Edukujemy by chroni\u0107 natur\u0119 Uczymy jak chroni\u0107 \u015brodowisko naturalne i koegzystowa\u0107 z nim, nie eksploatuj\u0105c nadmiernie zasob\u00f3w naturalnych. Szerzymy wiedz\u0119 w zakresie ekologii, permakultury i [&hellip;]<\/p>\n","protected":false},"author":1,"featured_media":0,"parent":0,"menu_order":0,"comment_status":"closed","ping_status":"closed","template":"","meta":{"give_campaign_id":0,"footnotes":""},"class_list":["post-21","page","type-page","status-publish","hentry"],"campaignId":"","_links":{"self":[{"href":"https:\/\/fundacjanobis.pl\/index.php\/wp-json\/wp\/v2\/pages\/21","targetHints":{"allow":["GET"]}}],"collection":[{"href":"https:\/\/fundacjanobis.pl\/index.php\/wp-json\/wp\/v2\/pages"}],"about":[{"href":"https:\/\/fundacjanobis.pl\/index.php\/wp-json\/wp\/v2\/types\/page"}],"author":[{"embeddable":true,"href":"https:\/\/fundacjanobis.pl\/index.php\/wp-json\/wp\/v2\/users\/1"}],"replies":[{"embeddable":true,"href":"https:\/\/fundacjanobis.pl\/index.php\/wp-json\/wp\/v2\/comments?post=21"}],"version-history":[{"count":10,"href":"https:\/\/fundacjanobis.pl\/index.php\/wp-json\/wp\/v2\/pages\/21\/revisions"}],"predecessor-version":[{"id":1164,"href":"https:\/\/fundacjanobis.pl\/index.php\/wp-json\/wp\/v2\/pages\/21\/revisions\/1164"}],"wp:attachment":[{"href":"https:\/\/fundacjanobis.pl\/index.php\/wp-json\/wp\/v2\/media?parent=21"}],"curies":[{"name":"wp","href":"https:\/\/api.w.org\/{rel}","templated":true}]}}