{"id":1090,"date":"2023-04-17T14:01:32","date_gmt":"2023-04-17T12:01:32","guid":{"rendered":"https:\/\/fundacjanobis.pl\/?page_id=1090"},"modified":"2024-02-25T16:10:52","modified_gmt":"2024-02-25T15:10:52","slug":"sielanka","status":"publish","type":"page","link":"https:\/\/fundacjanobis.pl\/index.php\/sielanka\/","title":{"rendered":"Farma Permakultury &#8222;Sielanka&#8221;"},"content":{"rendered":"\t\t<div data-elementor-type=\"wp-page\" data-elementor-id=\"1090\" class=\"elementor elementor-1090\">\n\t\t\t\t\t\t<section class=\"elementor-section elementor-top-section elementor-element elementor-element-10b7273 elementor-section-boxed elementor-section-height-default elementor-section-height-default row-top\" data-id=\"10b7273\" data-element_type=\"section\" data-e-type=\"section\">\n\t\t\t\t\t\t<div class=\"elementor-container elementor-column-gap-default\">\n\t\t\t\t\t<div class=\"elementor-column elementor-col-100 elementor-top-column elementor-element elementor-element-efc991d column-style-top\" data-id=\"efc991d\" data-element_type=\"column\" data-e-type=\"column\">\n\t\t\t<div class=\"elementor-widget-wrap elementor-element-populated\">\n\t\t\t\t\t\t<section class=\"elementor-section elementor-inner-section elementor-element elementor-element-7413cd1 elementor-section-boxed elementor-section-height-default elementor-section-height-default row-top\" data-id=\"7413cd1\" data-element_type=\"section\" data-e-type=\"section\">\n\t\t\t\t\t\t<div class=\"elementor-container elementor-column-gap-default\">\n\t\t\t\t\t<div class=\"elementor-column elementor-col-50 elementor-inner-column elementor-element elementor-element-76de3bd column-style-top\" data-id=\"76de3bd\" data-element_type=\"column\" data-e-type=\"column\">\n\t\t\t<div class=\"elementor-widget-wrap elementor-element-populated\">\n\t\t\t\t\t\t<div class=\"elementor-element elementor-element-a50cc4d elementor-widget elementor-widget-text-editor\" data-id=\"a50cc4d\" data-element_type=\"widget\" data-e-type=\"widget\" data-widget_type=\"text-editor.default\">\n\t\t\t\t<div class=\"elementor-widget-container\">\n\t\t\t\t\t\t\t\t\t<p>G\u0142\u00f3wnym projektem naszej Fundacji jest obecnie budowa edukacyjnej farmy permakultury &#8222;Sielanka&#8221;. Teren farmy obejmuje <b>ponad 4 ha ziemi uprawnej<\/b>, granicz\u0105cej z majestatycznym starorzeczem rzeki Wie\u017cyca.\u00a0<\/p><p>Sielanka zlokalizowana jest w miejscowo\u015bci Szprudowo Wybudowanie w gminie Gniew. Na terenach farmy \u017cyje <b>kilkadziesi\u0105t gatunk\u00f3w dzikich ptak\u00f3w i innych zwierz\u0105t.\u00a0<\/b><\/p><p>W ramach projektu zaplanowali\u015bmy stworzenie regeneratywnych, zr\u00f3\u017cnicowanych upraw, co pozwoli na realizacje szeregu projekt\u00f3w edukacyjnych. Wykorzysuj\u0105c potencja\u0142 Farmy, <b>planujemy realizowa\u0107 warsztaty i programy edukacyjne dla dzieci m\u0142odzie\u017cy i doros\u0142ych. Chcemy\u00a0 przybli\u017cy\u0107 ide\u0119 permakultury, ekologicznej uprawy ro\u015blin i regeneratywnego rolnictwa.\u00a0<\/b><\/p>\t\t\t\t\t\t\t\t<\/div>\n\t\t\t\t<\/div>\n\t\t\t\t<div class=\"elementor-element elementor-element-5aae51c elementor-align-center elementor-widget elementor-widget-button\" data-id=\"5aae51c\" data-element_type=\"widget\" data-e-type=\"widget\" data-widget_type=\"button.default\">\n\t\t\t\t<div class=\"elementor-widget-container\">\n\t\t\t\t\t\t\t\t\t<div class=\"elementor-button-wrapper\">\n\t\t\t\t\t<a class=\"elementor-button elementor-button-link elementor-size-lg\" href=\"https:\/\/fundacjanobis.pl\/index.php\/wolontariat\/\">\n\t\t\t\t\t\t<span class=\"elementor-button-content-wrapper\">\n\t\t\t\t\t\t\t\t\t<span class=\"elementor-button-text\">CHCESZ POM\u00d3C? ZOSTA\u0143 WOLONTARIUSZEM!<\/span>\n\t\t\t\t\t<\/span>\n\t\t\t\t\t<\/a>\n\t\t\t\t<\/div>\n\t\t\t\t\t\t\t\t<\/div>\n\t\t\t\t<\/div>\n\t\t\t\t\t<\/div>\n\t\t<\/div>\n\t\t\t\t<div class=\"elementor-column elementor-col-50 elementor-inner-column elementor-element elementor-element-dfb7f3b column-style-top\" data-id=\"dfb7f3b\" data-element_type=\"column\" data-e-type=\"column\">\n\t\t\t<div class=\"elementor-widget-wrap elementor-element-populated\">\n\t\t\t\t\t\t<div class=\"elementor-element elementor-element-2d48845 elementor-widget elementor-widget-image-gallery\" data-id=\"2d48845\" data-element_type=\"widget\" data-e-type=\"widget\" data-widget_type=\"image-gallery.default\">\n\t\t\t\t<div class=\"elementor-widget-container\">\n\t\t\t\t\t\t\t<div class=\"elementor-image-gallery\">\n\t\t\t\n\t\t<style type=\"text\/css\">\n\t\t\t#gallery-1 {\n\t\t\t\tmargin: auto;\n\t\t\t}\n\t\t\t#gallery-1 .gallery-item {\n\t\t\t\tfloat: left;\n\t\t\t\tmargin-top: 10px;\n\t\t\t\ttext-align: center;\n\t\t\t\twidth: 33%;\n\t\t\t}\n\t\t\t#gallery-1 img {\n\t\t\t\tborder: 2px solid #cfcfcf;\n\t\t\t}\n\t\t\t#gallery-1 .gallery-caption {\n\t\t\t\tmargin-left: 0;\n\t\t\t}\n\t\t\t\/* see gallery_shortcode() in wp-includes\/media.php *\/\n\t\t<\/style>\n\t\t<div id='gallery-1' class='gallery galleryid-1090 gallery-columns-3 gallery-size-thumbnail'><dl class='gallery-item'>\n\t\t\t<dt class='gallery-icon landscape'>\n\t\t\t\t<a data-elementor-open-lightbox=\"yes\" data-elementor-lightbox-slideshow=\"2d48845\" data-elementor-lightbox-title=\"20220618_201946\" data-e-action-hash=\"#elementor-action%3Aaction%3Dlightbox%26settings%3DeyJpZCI6MTA1MSwidXJsIjoiaHR0cHM6XC9cL2Z1bmRhY2phbm9iaXMucGxcL3dwLWNvbnRlbnRcL3VwbG9hZHNcLzIwMjNcLzA0XC8yMDIyMDYxOF8yMDE5NDYtc2NhbGVkLmpwZyIsInNsaWRlc2hvdyI6IjJkNDg4NDUifQ%3D%3D\" href='https:\/\/fundacjanobis.pl\/wp-content\/uploads\/2023\/04\/20220618_201946-scaled.jpg'><img decoding=\"async\" width=\"180\" height=\"180\" src=\"https:\/\/fundacjanobis.pl\/wp-content\/uploads\/2023\/04\/20220618_201946-180x180.jpg\" class=\"attachment-thumbnail size-thumbnail\" alt=\"\" srcset=\"https:\/\/fundacjanobis.pl\/wp-content\/uploads\/2023\/04\/20220618_201946-180x180.jpg 180w, https:\/\/fundacjanobis.pl\/wp-content\/uploads\/2023\/04\/20220618_201946-600x600.jpg 600w\" sizes=\"(max-width: 180px) 100vw, 180px\" \/><\/a>\n\t\t\t<\/dt><\/dl><dl class='gallery-item'>\n\t\t\t<dt class='gallery-icon landscape'>\n\t\t\t\t<a data-elementor-open-lightbox=\"yes\" data-elementor-lightbox-slideshow=\"2d48845\" data-elementor-lightbox-title=\"20220618_200614\" data-e-action-hash=\"#elementor-action%3Aaction%3Dlightbox%26settings%3DeyJpZCI6MTA1MCwidXJsIjoiaHR0cHM6XC9cL2Z1bmRhY2phbm9iaXMucGxcL3dwLWNvbnRlbnRcL3VwbG9hZHNcLzIwMjNcLzA0XC8yMDIyMDYxOF8yMDA2MTQtc2NhbGVkLmpwZyIsInNsaWRlc2hvdyI6IjJkNDg4NDUifQ%3D%3D\" href='https:\/\/fundacjanobis.pl\/wp-content\/uploads\/2023\/04\/20220618_200614-scaled.jpg'><img decoding=\"async\" width=\"180\" height=\"180\" src=\"https:\/\/fundacjanobis.pl\/wp-content\/uploads\/2023\/04\/20220618_200614-180x180.jpg\" class=\"attachment-thumbnail size-thumbnail\" alt=\"\" srcset=\"https:\/\/fundacjanobis.pl\/wp-content\/uploads\/2023\/04\/20220618_200614-180x180.jpg 180w, https:\/\/fundacjanobis.pl\/wp-content\/uploads\/2023\/04\/20220618_200614-600x600.jpg 600w\" sizes=\"(max-width: 180px) 100vw, 180px\" \/><\/a>\n\t\t\t<\/dt><\/dl><dl class='gallery-item'>\n\t\t\t<dt class='gallery-icon landscape'>\n\t\t\t\t<a data-elementor-open-lightbox=\"yes\" data-elementor-lightbox-slideshow=\"2d48845\" data-elementor-lightbox-title=\"20220618_205925\" data-e-action-hash=\"#elementor-action%3Aaction%3Dlightbox%26settings%3DeyJpZCI6OTM4LCJ1cmwiOiJodHRwczpcL1wvZnVuZGFjamFub2Jpcy5wbFwvd3AtY29udGVudFwvdXBsb2Fkc1wvMjAyMlwvMDdcLzIwMjIwNjE4XzIwNTkyNS1zY2FsZWQuanBnIiwic2xpZGVzaG93IjoiMmQ0ODg0NSJ9\" href='https:\/\/fundacjanobis.pl\/wp-content\/uploads\/2022\/07\/20220618_205925-scaled.jpg'><img decoding=\"async\" width=\"180\" height=\"180\" src=\"https:\/\/fundacjanobis.pl\/wp-content\/uploads\/2022\/07\/20220618_205925-180x180.jpg\" class=\"attachment-thumbnail size-thumbnail\" alt=\"\" srcset=\"https:\/\/fundacjanobis.pl\/wp-content\/uploads\/2022\/07\/20220618_205925-180x180.jpg 180w, https:\/\/fundacjanobis.pl\/wp-content\/uploads\/2022\/07\/20220618_205925-600x600.jpg 600w\" sizes=\"(max-width: 180px) 100vw, 180px\" \/><\/a>\n\t\t\t<\/dt><\/dl><br style=\"clear: both\" \/><dl class='gallery-item'>\n\t\t\t<dt class='gallery-icon landscape'>\n\t\t\t\t<a data-elementor-open-lightbox=\"yes\" data-elementor-lightbox-slideshow=\"2d48845\" data-elementor-lightbox-title=\"291870100_540099751175046_531537398290473894_n\" data-e-action-hash=\"#elementor-action%3Aaction%3Dlightbox%26settings%3DeyJpZCI6ODQ3LCJ1cmwiOiJodHRwczpcL1wvZnVuZGFjamFub2Jpcy5wbFwvd3AtY29udGVudFwvdXBsb2Fkc1wvMjAyMlwvMDVcLzI5MTg3MDEwMF81NDAwOTk3NTExNzUwNDZfNTMxNTM3Mzk4MjkwNDczODk0X24tc2NhbGVkLmpwZyIsInNsaWRlc2hvdyI6IjJkNDg4NDUifQ%3D%3D\" href='https:\/\/fundacjanobis.pl\/wp-content\/uploads\/2022\/05\/291870100_540099751175046_531537398290473894_n-scaled.jpg'><img loading=\"lazy\" decoding=\"async\" width=\"180\" height=\"180\" src=\"https:\/\/fundacjanobis.pl\/wp-content\/uploads\/2022\/05\/291870100_540099751175046_531537398290473894_n-180x180.jpg\" class=\"attachment-thumbnail size-thumbnail\" alt=\"\" srcset=\"https:\/\/fundacjanobis.pl\/wp-content\/uploads\/2022\/05\/291870100_540099751175046_531537398290473894_n-180x180.jpg 180w, https:\/\/fundacjanobis.pl\/wp-content\/uploads\/2022\/05\/291870100_540099751175046_531537398290473894_n-600x600.jpg 600w\" sizes=\"(max-width: 180px) 100vw, 180px\" \/><\/a>\n\t\t\t<\/dt><\/dl><dl class='gallery-item'>\n\t\t\t<dt class='gallery-icon landscape'>\n\t\t\t\t<a data-elementor-open-lightbox=\"yes\" data-elementor-lightbox-slideshow=\"2d48845\" data-elementor-lightbox-title=\"dynie i fasola\" data-e-action-hash=\"#elementor-action%3Aaction%3Dlightbox%26settings%3DeyJpZCI6MTE2NSwidXJsIjoiaHR0cHM6XC9cL2Z1bmRhY2phbm9iaXMucGxcL3dwLWNvbnRlbnRcL3VwbG9hZHNcLzIwMjBcLzEyXC9keW5pZS1pLWZhc29sYS1zY2FsZWQuanBnIiwic2xpZGVzaG93IjoiMmQ0ODg0NSJ9\" href='https:\/\/fundacjanobis.pl\/wp-content\/uploads\/2020\/12\/dynie-i-fasola-scaled.jpg'><img loading=\"lazy\" decoding=\"async\" width=\"180\" height=\"180\" src=\"https:\/\/fundacjanobis.pl\/wp-content\/uploads\/2020\/12\/dynie-i-fasola-180x180.jpg\" class=\"attachment-thumbnail size-thumbnail\" alt=\"\" srcset=\"https:\/\/fundacjanobis.pl\/wp-content\/uploads\/2020\/12\/dynie-i-fasola-180x180.jpg 180w, https:\/\/fundacjanobis.pl\/wp-content\/uploads\/2020\/12\/dynie-i-fasola-600x600.jpg 600w\" sizes=\"(max-width: 180px) 100vw, 180px\" \/><\/a>\n\t\t\t<\/dt><\/dl><dl class='gallery-item'>\n\t\t\t<dt class='gallery-icon landscape'>\n\t\t\t\t<a data-elementor-open-lightbox=\"yes\" data-elementor-lightbox-slideshow=\"2d48845\" data-elementor-lightbox-title=\"IMG_20220516_115748\" data-e-action-hash=\"#elementor-action%3Aaction%3Dlightbox%26settings%3DeyJpZCI6MTE2NiwidXJsIjoiaHR0cHM6XC9cL2Z1bmRhY2phbm9iaXMucGxcL3dwLWNvbnRlbnRcL3VwbG9hZHNcLzIwMjBcLzEyXC9JTUdfMjAyMjA1MTZfMTE1NzQ4LXNjYWxlZC5qcGciLCJzbGlkZXNob3ciOiIyZDQ4ODQ1In0%3D\" href='https:\/\/fundacjanobis.pl\/wp-content\/uploads\/2020\/12\/IMG_20220516_115748-scaled.jpg'><img loading=\"lazy\" decoding=\"async\" width=\"180\" height=\"180\" src=\"https:\/\/fundacjanobis.pl\/wp-content\/uploads\/2020\/12\/IMG_20220516_115748-180x180.jpg\" class=\"attachment-thumbnail size-thumbnail\" alt=\"\" srcset=\"https:\/\/fundacjanobis.pl\/wp-content\/uploads\/2020\/12\/IMG_20220516_115748-180x180.jpg 180w, https:\/\/fundacjanobis.pl\/wp-content\/uploads\/2020\/12\/IMG_20220516_115748-600x600.jpg 600w\" sizes=\"(max-width: 180px) 100vw, 180px\" \/><\/a>\n\t\t\t<\/dt><\/dl><br style=\"clear: both\" \/><dl class='gallery-item'>\n\t\t\t<dt class='gallery-icon landscape'>\n\t\t\t\t<a data-elementor-open-lightbox=\"yes\" data-elementor-lightbox-slideshow=\"2d48845\" data-elementor-lightbox-title=\"IMG_20220711_194155\" data-e-action-hash=\"#elementor-action%3Aaction%3Dlightbox%26settings%3DeyJpZCI6MTE2OCwidXJsIjoiaHR0cHM6XC9cL2Z1bmRhY2phbm9iaXMucGxcL3dwLWNvbnRlbnRcL3VwbG9hZHNcLzIwMjBcLzEyXC9JTUdfMjAyMjA3MTFfMTk0MTU1LXNjYWxlZC5qcGciLCJzbGlkZXNob3ciOiIyZDQ4ODQ1In0%3D\" href='https:\/\/fundacjanobis.pl\/wp-content\/uploads\/2020\/12\/IMG_20220711_194155-scaled.jpg'><img loading=\"lazy\" decoding=\"async\" width=\"180\" height=\"180\" src=\"https:\/\/fundacjanobis.pl\/wp-content\/uploads\/2020\/12\/IMG_20220711_194155-180x180.jpg\" class=\"attachment-thumbnail size-thumbnail\" alt=\"\" srcset=\"https:\/\/fundacjanobis.pl\/wp-content\/uploads\/2020\/12\/IMG_20220711_194155-180x180.jpg 180w, https:\/\/fundacjanobis.pl\/wp-content\/uploads\/2020\/12\/IMG_20220711_194155-600x600.jpg 600w\" sizes=\"(max-width: 180px) 100vw, 180px\" \/><\/a>\n\t\t\t<\/dt><\/dl><dl class='gallery-item'>\n\t\t\t<dt class='gallery-icon portrait'>\n\t\t\t\t<a data-elementor-open-lightbox=\"yes\" data-elementor-lightbox-slideshow=\"2d48845\" data-elementor-lightbox-title=\"IMG_20220731_135027\" data-e-action-hash=\"#elementor-action%3Aaction%3Dlightbox%26settings%3DeyJpZCI6MTE2OSwidXJsIjoiaHR0cHM6XC9cL2Z1bmRhY2phbm9iaXMucGxcL3dwLWNvbnRlbnRcL3VwbG9hZHNcLzIwMjBcLzEyXC9JTUdfMjAyMjA3MzFfMTM1MDI3LXNjYWxlZC5qcGciLCJzbGlkZXNob3ciOiIyZDQ4ODQ1In0%3D\" href='https:\/\/fundacjanobis.pl\/wp-content\/uploads\/2020\/12\/IMG_20220731_135027-scaled.jpg'><img loading=\"lazy\" decoding=\"async\" width=\"180\" height=\"180\" src=\"https:\/\/fundacjanobis.pl\/wp-content\/uploads\/2020\/12\/IMG_20220731_135027-180x180.jpg\" class=\"attachment-thumbnail size-thumbnail\" alt=\"\" srcset=\"https:\/\/fundacjanobis.pl\/wp-content\/uploads\/2020\/12\/IMG_20220731_135027-180x180.jpg 180w, https:\/\/fundacjanobis.pl\/wp-content\/uploads\/2020\/12\/IMG_20220731_135027-600x600.jpg 600w\" sizes=\"(max-width: 180px) 100vw, 180px\" \/><\/a>\n\t\t\t<\/dt><\/dl><dl class='gallery-item'>\n\t\t\t<dt class='gallery-icon portrait'>\n\t\t\t\t<a data-elementor-open-lightbox=\"yes\" data-elementor-lightbox-slideshow=\"2d48845\" data-elementor-lightbox-title=\"IMG_20230521_132952\" data-e-action-hash=\"#elementor-action%3Aaction%3Dlightbox%26settings%3DeyJpZCI6MTE3MCwidXJsIjoiaHR0cHM6XC9cL2Z1bmRhY2phbm9iaXMucGxcL3dwLWNvbnRlbnRcL3VwbG9hZHNcLzIwMjBcLzEyXC9JTUdfMjAyMzA1MjFfMTMyOTUyLXNjYWxlZC5qcGciLCJzbGlkZXNob3ciOiIyZDQ4ODQ1In0%3D\" href='https:\/\/fundacjanobis.pl\/wp-content\/uploads\/2020\/12\/IMG_20230521_132952-scaled.jpg'><img loading=\"lazy\" decoding=\"async\" width=\"180\" height=\"180\" src=\"https:\/\/fundacjanobis.pl\/wp-content\/uploads\/2020\/12\/IMG_20230521_132952-180x180.jpg\" class=\"attachment-thumbnail size-thumbnail\" alt=\"\" srcset=\"https:\/\/fundacjanobis.pl\/wp-content\/uploads\/2020\/12\/IMG_20230521_132952-180x180.jpg 180w, https:\/\/fundacjanobis.pl\/wp-content\/uploads\/2020\/12\/IMG_20230521_132952-600x600.jpg 600w\" sizes=\"(max-width: 180px) 100vw, 180px\" \/><\/a>\n\t\t\t<\/dt><\/dl><br style=\"clear: both\" \/>\n\t\t<\/div>\n\t\t<\/div>\n\t\t\t\t\t\t<\/div>\n\t\t\t\t<\/div>\n\t\t\t\t\t<\/div>\n\t\t<\/div>\n\t\t\t\t\t<\/div>\n\t\t<\/section>\n\t\t\t\t\t<\/div>\n\t\t<\/div>\n\t\t\t\t\t<\/div>\n\t\t<\/section>\n\t\t\t\t<\/div>\n\t\t","protected":false},"excerpt":{"rendered":"<p>G\u0142\u00f3wnym projektem naszej Fundacji jest obecnie budowa edukacyjnej farmy permakultury &#8222;Sielanka&#8221;. Teren farmy obejmuje ponad 4 ha ziemi uprawnej, granicz\u0105cej z majestatycznym starorzeczem rzeki Wie\u017cyca.\u00a0 Sielanka zlokalizowana jest w miejscowo\u015bci [&hellip;]<\/p>\n","protected":false},"author":2,"featured_media":0,"parent":0,"menu_order":0,"comment_status":"closed","ping_status":"closed","template":"","meta":{"give_campaign_id":0,"footnotes":""},"class_list":["post-1090","page","type-page","status-publish","hentry"],"campaignId":"","_links":{"self":[{"href":"https:\/\/fundacjanobis.pl\/index.php\/wp-json\/wp\/v2\/pages\/1090","targetHints":{"allow":["GET"]}}],"collection":[{"href":"https:\/\/fundacjanobis.pl\/index.php\/wp-json\/wp\/v2\/pages"}],"about":[{"href":"https:\/\/fundacjanobis.pl\/index.php\/wp-json\/wp\/v2\/types\/page"}],"author":[{"embeddable":true,"href":"https:\/\/fundacjanobis.pl\/index.php\/wp-json\/wp\/v2\/users\/2"}],"replies":[{"embeddable":true,"href":"https:\/\/fundacjanobis.pl\/index.php\/wp-json\/wp\/v2\/comments?post=1090"}],"version-history":[{"count":23,"href":"https:\/\/fundacjanobis.pl\/index.php\/wp-json\/wp\/v2\/pages\/1090\/revisions"}],"predecessor-version":[{"id":1173,"href":"https:\/\/fundacjanobis.pl\/index.php\/wp-json\/wp\/v2\/pages\/1090\/revisions\/1173"}],"wp:attachment":[{"href":"https:\/\/fundacjanobis.pl\/index.php\/wp-json\/wp\/v2\/media?parent=1090"}],"curies":[{"name":"wp","href":"https:\/\/api.w.org\/{rel}","templated":true}]}}