{"id":1082,"date":"2023-04-17T13:19:54","date_gmt":"2023-04-17T11:19:54","guid":{"rendered":"https:\/\/fundacjanobis.pl\/?page_id=1082"},"modified":"2026-04-15T15:29:59","modified_gmt":"2026-04-15T13:29:59","slug":"regulamin-wolontariatu","status":"publish","type":"page","link":"https:\/\/fundacjanobis.pl\/index.php\/wolontariat\/regulamin-wolontariatu\/","title":{"rendered":"Regulamin wolontariatu"},"content":{"rendered":"<h5 style=\"text-align: center;\"><\/h5>\n<p style=\"text-align: center;\"><b>\u00a71 <\/b><b>Postanowienia og\u00f3lne<\/b><\/p>\n<ol>\n<li style=\"font-weight: 400;\" aria-level=\"1\">W celu zapewnienia sprawnej organizacji wolontariatu przez Fundacj\u0119 Nobis (dalej: Fundacja) realizowanego na terenie Farmy Permakultury \u201cSielanka\u201d (dalej: Farma) okre\u015bla si\u0119 zasady organizacji i wykonywania wolontariatu.<\/li>\n<li style=\"font-weight: 400;\" aria-level=\"1\">Organizacja wolontariatu oparta jest o zapisy Dzia\u0142u III ustawy z dnia 24.04.2003 r. o dzia\u0142alno\u015bci po\u017cytku publicznego i o wolontariacie.<\/li>\n<li style=\"font-weight: 400;\" aria-level=\"1\">Niezale\u017cnie od czasu trwania wsp\u00f3\u0142pracy pomi\u0119dzy Wolontariuszem a Fundacj\u0105 obie strony podpisuj\u0105 porozumienie o \u015bwiadczeniu wolontariackim (dalej: \u201cPorozumienie\u201d) (wz\u00f3r \u2013 Za\u0142\u0105cznik nr. 1) okre\u015blaj\u0105ce zakres wsp\u00f3\u0142pracy, zadania Wolontariusza i czas trwania wolontariatu.<\/li>\n<li style=\"font-weight: 400;\" aria-level=\"1\">Osob\u0105 upowa\u017cnion\u0105 do podejmowania wszelkich dzia\u0142a\u0144 w imieniu Fundacji, zwi\u0105zanych ze wsp\u00f3\u0142prac\u0105 z Wolontariuszami jest Zarz\u0105d Fundacji.<\/li>\n<li style=\"font-weight: 400;\" aria-level=\"1\">Wolontariusz zobowi\u0105zuje si\u0119 do wykonywania czynno\u015bci zwi\u0105zanych z celami statutowymi Fundacji.<\/li>\n<li style=\"font-weight: 400;\" aria-level=\"1\">Wolontariuszem\/Wolontariuszk\u0105 (dalej: Wolontariusz) w Fundacji mo\u017ce zosta\u0107 osoba, kt\u00f3ra:<\/li>\n<\/ol>\n<ul>\n<li>uko\u0144czy\u0142a 18 lat i posiada pe\u0142n\u0105 zdolno\u015b\u0107 do czynno\u015bci prawnych;<\/li>\n<li>jest obywatelem Unii Europejskiej lub posiada aktywn\u0105 wiz\u0119 pobytow\u0105, lub inny dokument zezwalaj\u0105cy na podj\u0119cie wolontariatu na terenie Polski;<\/li>\n<li>zg\u0142osi\u0142a ch\u0119\u0107 pracy jako wolontariusz\/szka na Farmie i jej kandydatura zosta\u0142a oceniona pozytywnie przez Zarz\u0105d Fundacji;<\/li>\n<li>podpisze porozumienie o \u015bwiadczeniu wolontariackim z Fundacj\u0105 (chyba \u017ce Zarz\u0105d Fundacji zwolni j\u0105 z tego obowi\u0105zku);<\/li>\n<li>nie ma przeciwwskaza\u0144 zdrowotnych do wykonywania zada\u0144, kt\u00f3re obejmuje porozumienie.<\/li>\n<\/ul>\n<p><center><b>\u00a72<\/b><\/center><center><b>Zg\u0142oszenia<\/b><\/center><\/p>\n<ol>\n<li>Zg\u0142oszenia ch\u0119ci podj\u0119cia wolontariatu na rzecz Fundacji, nale\u017cy kierowa\u0107 na adres e-mail: <a href=\"mailto:biuro@fundacjanobis.pl\">biuro@fundacjanobis.pl<\/a>. Fundacja poinformuje o przyj\u0119ciu zg\u0142oszenia lub\/i przyj\u0119cia na wolontariat, w odpowiedzi na przes\u0142ane zg\u0142oszenie.<\/li>\n<li>Zarz\u0105d zastrzega sobie prawo do indywidualnej oceny ka\u017cdego zg\u0142oszenia oraz odmowy przyj\u0119cia na wolontariat bez podania przyczyny.<\/li>\n<\/ol>\n<p><center><b>\u00a73<\/b><\/center><\/p>\n<p style=\"text-align: center;\"><b>Zasady Wolontariatu<\/b><\/p>\n<ol>\n<li style=\"font-weight: 400;\" aria-level=\"1\">Kandydat do odbycia wolontariatu, powinien posiada\u0107 kwalifikacje i spe\u0142nia\u0107 wymagania adekwatne do rodzaju i zakresu wykonywanej pracy, je\u017celi obowi\u0105zek posiadania takich kwalifikacji i spe\u0142niania stosownych wymaga\u0144 wynika z odr\u0119bnych przepis\u00f3w.<\/li>\n<li style=\"font-weight: 400;\" aria-level=\"1\">Miejscem odbywania wolontariatu jest Farma Permakultury \u201cSielanka\u201d, Szprudowo 51, gmina Gniew.<\/li>\n<li style=\"font-weight: 400;\" aria-level=\"1\">Wolontariat odbywa si\u0119 na zasadzie tygodniowych turnus\u00f3w. Minimalnym okresem odbycia wolontariatu jest jeden tydzie\u0144 a maksymalnym dwa tygodnie. Dok\u0142adny okres wolontariatu okre\u015blony jest w Porozumieniu.<\/li>\n<li style=\"font-weight: 400;\" aria-level=\"1\">Prace na Farmie, w ramach Wolontariatu, wykonywane s\u0105 w wymiarze 5 godzin dziennie od poniedzia\u0142ku do pi\u0105tku, chyba \u017ce Porozumienie stanowi inaczej.<\/li>\n<li style=\"font-weight: 400;\" aria-level=\"1\">Fundacja zapewnia Wolontariuszowi na czas wolontariatu:<\/li>\n<\/ol>\n<ul>\n<li>Miejsce noclegowe w domku typu holenderskiego, z dost\u0119pem do \u0142azienki, kuchni i salonu;<\/li>\n<li>Podstawowe zakupy spo\u017cywcze (wyposa\u017cenie lod\u00f3wki);<\/li>\n<li>odpowiednie \u015brodki ochrony indywidualnej w zale\u017cno\u015bci od rodzaju pracy i zagro\u017ce\u0144 zwi\u0105zanych z jej wykonywaniem;<\/li>\n<li>ubezpieczenie NNW na czas trwania wolontariatu.<\/li>\n<\/ul>\n<p>6. Wolontariusz ma prawo otrzyma\u0107 pisemne za\u015bwiadczenie o odbyciu wolontariatu, w tym o zakresie wykonywanej pracy. Na pro\u015bb\u0119 Wolontariusza, Fundacja mo\u017ce wystawi\u0107 pisemn\u0105 opinie na temat odbytego wolontariatu.<\/p>\n<p>7. Fundacja ubezpiecza Wolontariusza od nast\u0119pstw nieszcz\u0119\u015bliwych wypadk\u00f3w, na okres Wolontariatu okre\u015blony w Porozumieniu.<\/p>\n<p>8. \u015awiadczenia z tytu\u0142u wypadku przy wykonywaniu wolontariatu na rzecz Fundacji nie przys\u0142uguj\u0105 Wolontariuszowi jako osobie poszkodowanej wskutek wypadku, w sytuacji, gdy wypadek nast\u0105pi\u0142 z winy umy\u015blnej lub ra\u017c\u0105cego niedbalstwa Wolontariusza oraz nieprzestrzegania zasad BHP.<\/p>\n<p>9. \u015awiadczenia z tytu\u0142u wypadku przy wykonywaniu wolontariatu na rzecz Fundacji nie przys\u0142uguj\u0105 osobie poszkodowanej, kt\u00f3ra b\u0119d\u0105c w stanie nietrze\u017awym lub pod wp\u0142ywem \u015brodk\u00f3w odurzaj\u0105cych lub substancji psychotropowych przyczyni\u0142a si\u0119 do spowodowania wypadku.<\/p>\n<p>10. Na Farmie, <b>surowo zabronione jest nadmierne spo\u017cywanie alkoholu i\/lub za\u017cywanie jakichkolwiek \u015brodk\u00f3w odurzaj\u0105cych lub substancji psychotropowych.<\/b> W przypadku gdy przedstawiciel Fundacji, stwierdzi lub powe\u017amie uzasadnione podejrzenie naruszenia niniejszego zakazu przez Wolontariusza, Wolontariusz mo\u017ce zosta\u0107 natychmiast zwolniony z odbywania Wolontariatu i wydalony z terenu Farmy. O zwolnieniu i wydaleniu z terenu Farmy, decyduje Zarz\u0105d Fundacji, stosownie do okoliczno\u015bci.<\/p>\n<p>11. Podczas pobytu na Farmie, ka\u017cdego <b>Wolontariusza obowi\u0105zuje pe\u0142ne poszanowanie dla drugiego cz\u0142owieka.<\/b><\/p>\n<p>12. Farma jest miejscem bezpiecznym i tolerancyjnym dla wszystkich. Nikt nie mo\u017ce by\u0107 dyskryminowany, n\u0119kany ze wzgl\u0119du na p\u0142e\u0107, wyznanie czy orientacj\u0119 seksualn\u0105 .<\/p>\n<p><center><b>\u00a74<\/b><\/center><center><b>Dane osobowe<\/b><\/center>Dane osobowe Wolontariuszy, przetwarzane s\u0105 zgodnie z Rozporz\u0105dzeniem Parlamentu Europejskiego i Rady (UE) 2016\/679 z dnia 27 kwietnia 2016 r. w sprawie ochrony os\u00f3b fizycznych w zwi\u0105zku z przetwarzaniem danych osobowych i w sprawie swobodnego przep\u0142ywu takich danych oraz uchylenia dyrektywy 95\/46\/WE, jak i z Polityk\u0105 Prywatno\u015bci i Bezpiecze\u0144stwa Danych Fundacji.<\/p>\n<p><center><b>\u00a75<\/b><\/center><center><b>Postanowienia ko\u0144cowe<\/b><\/center><\/p>\n<ol>\n<li style=\"font-weight: 400;\" aria-level=\"1\">W przypadku stwierdzenia naruszenia niniejszego Regulaminu lub\/i stwierdzenia zagro\u017cenia bezpiecze\u0144stwa pracownik\u00f3w, os\u00f3b odwiedzaj\u0105cych i innych Wolontariuszy, Zarz\u0105d Fundacji ma prawo do natychmiastowego zwolnienia Wolontariusza z odbywania Wolontariatu i wydalenia go z terenu Farmy.<\/li>\n<li style=\"font-weight: 400;\" aria-level=\"1\">Niniejszy Regulamin przyj\u0119ty zosta\u0142 w formie uchwa\u0142y Zarz\u0105du Fundacji, z dnia 17.04.2023.<\/li>\n<\/ol>\n","protected":false},"excerpt":{"rendered":"<p>\u00a71 Postanowienia og\u00f3lne W celu zapewnienia sprawnej organizacji wolontariatu przez Fundacj\u0119 Nobis (dalej: Fundacja) realizowanego na terenie Farmy Permakultury \u201cSielanka\u201d (dalej: Farma) okre\u015bla si\u0119 zasady organizacji i wykonywania wolontariatu. Organizacja [&hellip;]<\/p>\n","protected":false},"author":2,"featured_media":0,"parent":22,"menu_order":0,"comment_status":"closed","ping_status":"closed","template":"","meta":{"give_campaign_id":0,"footnotes":""},"class_list":["post-1082","page","type-page","status-publish","hentry"],"campaignId":"","_links":{"self":[{"href":"https:\/\/fundacjanobis.pl\/index.php\/wp-json\/wp\/v2\/pages\/1082","targetHints":{"allow":["GET"]}}],"collection":[{"href":"https:\/\/fundacjanobis.pl\/index.php\/wp-json\/wp\/v2\/pages"}],"about":[{"href":"https:\/\/fundacjanobis.pl\/index.php\/wp-json\/wp\/v2\/types\/page"}],"author":[{"embeddable":true,"href":"https:\/\/fundacjanobis.pl\/index.php\/wp-json\/wp\/v2\/users\/2"}],"replies":[{"embeddable":true,"href":"https:\/\/fundacjanobis.pl\/index.php\/wp-json\/wp\/v2\/comments?post=1082"}],"version-history":[{"count":8,"href":"https:\/\/fundacjanobis.pl\/index.php\/wp-json\/wp\/v2\/pages\/1082\/revisions"}],"predecessor-version":[{"id":1219,"href":"https:\/\/fundacjanobis.pl\/index.php\/wp-json\/wp\/v2\/pages\/1082\/revisions\/1219"}],"up":[{"embeddable":true,"href":"https:\/\/fundacjanobis.pl\/index.php\/wp-json\/wp\/v2\/pages\/22"}],"wp:attachment":[{"href":"https:\/\/fundacjanobis.pl\/index.php\/wp-json\/wp\/v2\/media?parent=1082"}],"curies":[{"name":"wp","href":"https:\/\/api.w.org\/{rel}","templated":true}]}}