{"id":1058,"date":"2023-04-17T12:33:27","date_gmt":"2023-04-17T10:33:27","guid":{"rendered":"https:\/\/fundacjanobis.pl\/?page_id=1058"},"modified":"2023-04-17T12:34:53","modified_gmt":"2023-04-17T10:34:53","slug":"zakwaterowanie-wolontariuszy","status":"publish","type":"page","link":"https:\/\/fundacjanobis.pl\/index.php\/wolontariat\/zakwaterowanie-wolontariuszy\/","title":{"rendered":"Zakwaterowanie wolontariuszy"},"content":{"rendered":"\t\t<div data-elementor-type=\"wp-page\" data-elementor-id=\"1058\" class=\"elementor elementor-1058\">\n\t\t\t\t\t\t<section class=\"elementor-section elementor-top-section elementor-element elementor-element-b9d96b0 elementor-section-boxed elementor-section-height-default elementor-section-height-default row-top\" data-id=\"b9d96b0\" data-element_type=\"section\" data-e-type=\"section\">\n\t\t\t\t\t\t<div class=\"elementor-container elementor-column-gap-default\">\n\t\t\t\t\t<div class=\"elementor-column elementor-col-100 elementor-top-column elementor-element elementor-element-9281c59 column-style-top\" data-id=\"9281c59\" data-element_type=\"column\" data-e-type=\"column\">\n\t\t\t<div class=\"elementor-widget-wrap elementor-element-populated\">\n\t\t\t\t\t\t<div class=\"elementor-element elementor-element-8953554 elementor-widget elementor-widget-text-editor\" data-id=\"8953554\" data-element_type=\"widget\" data-e-type=\"widget\" data-widget_type=\"text-editor.default\">\n\t\t\t\t<div class=\"elementor-widget-container\">\n\t\t\t\t\t\t\t\t\t<p>Naszym wolontariuszom oferujemy na czas trwania wolontariatu, zakwaterowanie w komfortowym, ogrzewanym&nbsp; domku holenderskim z wyposa\u017con\u0105 kuchni\u0105 i \u0142azienk\u0105 z prysznicem. Do dyspozycji wolontariuszy jest tak\u017ce przestronny salon z widokiem na las i pola uprawne.&nbsp; Na wyposa\u017ceniu domku znajduje si\u0119:<\/p>\n<ul>\n<li>r\u0119czniki<\/li>\n<li>po\u015bciele<\/li>\n<li>koce<\/li>\n<li>garnki, czajnik elektryczny<\/li><li>lod\u00f3wka,&nbsp;<\/li><li>kuchenka z piekarnikiem<\/li><li>kominek gazowy i grzejniki elektryczne<\/li>\n<\/ul>\t\t\t\t\t\t\t\t<\/div>\n\t\t\t\t<\/div>\n\t\t\t\t\t<\/div>\n\t\t<\/div>\n\t\t\t\t\t<\/div>\n\t\t<\/section>\n\t\t\t\t<section class=\"elementor-section elementor-top-section elementor-element elementor-element-0312f42 elementor-section-boxed elementor-section-height-default elementor-section-height-default row-top\" data-id=\"0312f42\" data-element_type=\"section\" data-e-type=\"section\">\n\t\t\t\t\t\t<div class=\"elementor-container elementor-column-gap-default\">\n\t\t\t\t\t<div class=\"elementor-column elementor-col-100 elementor-top-column elementor-element elementor-element-abf7b54 column-style-top\" data-id=\"abf7b54\" data-element_type=\"column\" data-e-type=\"column\">\n\t\t\t<div class=\"elementor-widget-wrap elementor-element-populated\">\n\t\t\t\t\t\t<div class=\"elementor-element elementor-element-4626df4 elementor-arrows-position-inside elementor-pagination-position-outside elementor-widget elementor-widget-image-carousel\" data-id=\"4626df4\" data-element_type=\"widget\" data-e-type=\"widget\" data-settings=\"{&quot;navigation&quot;:&quot;both&quot;,&quot;autoplay&quot;:&quot;yes&quot;,&quot;pause_on_hover&quot;:&quot;yes&quot;,&quot;pause_on_interaction&quot;:&quot;yes&quot;,&quot;autoplay_speed&quot;:5000,&quot;infinite&quot;:&quot;yes&quot;,&quot;speed&quot;:500}\" data-widget_type=\"image-carousel.default\">\n\t\t\t\t<div class=\"elementor-widget-container\">\n\t\t\t\t\t\t\t<div class=\"elementor-image-carousel-wrapper swiper\" role=\"region\" aria-roledescription=\"carousel\" aria-label=\"Karuzela obrazk\u00f3w\" dir=\"ltr\">\n\t\t\t<div class=\"elementor-image-carousel swiper-wrapper\" aria-live=\"off\">\n\t\t\t\t\t\t\t\t<div class=\"swiper-slide\" role=\"group\" aria-roledescription=\"slide\" aria-label=\"1 z 7\"><figure class=\"swiper-slide-inner\"><img decoding=\"async\" class=\"swiper-slide-image\" src=\"https:\/\/fundacjanobis.pl\/wp-content\/uploads\/2020\/12\/PXL_20230417_091051340_Easy-Resize.com_Easy-Resize.com_-600x600.jpg\" alt=\"salon\" \/><\/figure><\/div><div class=\"swiper-slide\" role=\"group\" aria-roledescription=\"slide\" aria-label=\"2 z 7\"><figure class=\"swiper-slide-inner\"><img decoding=\"async\" class=\"swiper-slide-image\" src=\"https:\/\/fundacjanobis.pl\/wp-content\/uploads\/2020\/12\/339664081_1906778299700771_4972904484863424037_n-600x600.jpg\" alt=\"339664081_1906778299700771_4972904484863424037_n\" \/><\/figure><\/div><div class=\"swiper-slide\" role=\"group\" aria-roledescription=\"slide\" aria-label=\"3 z 7\"><figure class=\"swiper-slide-inner\"><img decoding=\"async\" class=\"swiper-slide-image\" src=\"https:\/\/fundacjanobis.pl\/wp-content\/uploads\/2020\/12\/PXL_20230417_091224827_Easy-Resize.com_Easy-Resize.com_-600x600.jpg\" alt=\"aneks kuchenny\" \/><\/figure><\/div><div class=\"swiper-slide\" role=\"group\" aria-roledescription=\"slide\" aria-label=\"4 z 7\"><figure class=\"swiper-slide-inner\"><img decoding=\"async\" class=\"swiper-slide-image\" src=\"https:\/\/fundacjanobis.pl\/wp-content\/uploads\/2020\/12\/339604420_617106109957274_3423703139384393795_n-600x600.jpg\" alt=\"339604420_617106109957274_3423703139384393795_n\" \/><\/figure><\/div><div class=\"swiper-slide\" role=\"group\" aria-roledescription=\"slide\" aria-label=\"5 z 7\"><figure class=\"swiper-slide-inner\"><img decoding=\"async\" class=\"swiper-slide-image\" src=\"https:\/\/fundacjanobis.pl\/wp-content\/uploads\/2020\/12\/PXL_20230417_091021855-600x600.jpg\" alt=\"pok\u00f3j 1\" \/><\/figure><\/div><div class=\"swiper-slide\" role=\"group\" aria-roledescription=\"slide\" aria-label=\"6 z 7\"><figure class=\"swiper-slide-inner\"><img decoding=\"async\" class=\"swiper-slide-image\" src=\"https:\/\/fundacjanobis.pl\/wp-content\/uploads\/2020\/12\/339169436_737277781378822_3057580544396124587_n-600x600.jpg\" alt=\"pok\u00f3j 2\" \/><\/figure><\/div><div class=\"swiper-slide\" role=\"group\" aria-roledescription=\"slide\" aria-label=\"7 z 7\"><figure class=\"swiper-slide-inner\"><img decoding=\"async\" class=\"swiper-slide-image\" src=\"https:\/\/fundacjanobis.pl\/wp-content\/uploads\/2020\/12\/PXL_20230417_091146857_Easy-Resize.com_Easy-Resize.com_-600x600.jpg\" alt=\"\u0142azienka\" \/><\/figure><\/div>\t\t\t<\/div>\n\t\t\t\t\t\t\t\t\t\t\t\t<div class=\"elementor-swiper-button elementor-swiper-button-prev\" role=\"button\" tabindex=\"0\">\n\t\t\t\t\t\t<i aria-hidden=\"true\" class=\"eicon-chevron-left\"><\/i>\t\t\t\t\t<\/div>\n\t\t\t\t\t<div class=\"elementor-swiper-button elementor-swiper-button-next\" role=\"button\" tabindex=\"0\">\n\t\t\t\t\t\t<i aria-hidden=\"true\" class=\"eicon-chevron-right\"><\/i>\t\t\t\t\t<\/div>\n\t\t\t\t\n\t\t\t\t\t\t\t\t\t<div class=\"swiper-pagination\"><\/div>\n\t\t\t\t\t\t\t\t\t<\/div>\n\t\t\t\t\t\t<\/div>\n\t\t\t\t<\/div>\n\t\t\t\t\t<\/div>\n\t\t<\/div>\n\t\t\t\t\t<\/div>\n\t\t<\/section>\n\t\t\t\t<\/div>\n\t\t","protected":false},"excerpt":{"rendered":"<p>Naszym wolontariuszom oferujemy na czas trwania wolontariatu, zakwaterowanie w komfortowym, ogrzewanym\u00a0 domku holenderskim z wyposa\u017con\u0105 kuchni\u0105 i \u0142azienk\u0105 z prysznicem. Do dyspozycji wolontariuszy jest tak\u017ce przestronny salon z widokiem na [&hellip;]<\/p>\n","protected":false},"author":2,"featured_media":0,"parent":22,"menu_order":0,"comment_status":"closed","ping_status":"closed","template":"","meta":{"give_campaign_id":0,"footnotes":""},"class_list":["post-1058","page","type-page","status-publish","hentry"],"campaignId":"","_links":{"self":[{"href":"https:\/\/fundacjanobis.pl\/index.php\/wp-json\/wp\/v2\/pages\/1058","targetHints":{"allow":["GET"]}}],"collection":[{"href":"https:\/\/fundacjanobis.pl\/index.php\/wp-json\/wp\/v2\/pages"}],"about":[{"href":"https:\/\/fundacjanobis.pl\/index.php\/wp-json\/wp\/v2\/types\/page"}],"author":[{"embeddable":true,"href":"https:\/\/fundacjanobis.pl\/index.php\/wp-json\/wp\/v2\/users\/2"}],"replies":[{"embeddable":true,"href":"https:\/\/fundacjanobis.pl\/index.php\/wp-json\/wp\/v2\/comments?post=1058"}],"version-history":[{"count":14,"href":"https:\/\/fundacjanobis.pl\/index.php\/wp-json\/wp\/v2\/pages\/1058\/revisions"}],"predecessor-version":[{"id":1080,"href":"https:\/\/fundacjanobis.pl\/index.php\/wp-json\/wp\/v2\/pages\/1058\/revisions\/1080"}],"up":[{"embeddable":true,"href":"https:\/\/fundacjanobis.pl\/index.php\/wp-json\/wp\/v2\/pages\/22"}],"wp:attachment":[{"href":"https:\/\/fundacjanobis.pl\/index.php\/wp-json\/wp\/v2\/media?parent=1058"}],"curies":[{"name":"wp","href":"https:\/\/api.w.org\/{rel}","templated":true}]}}